{"id":1068,"date":"2014-09-21T17:34:41","date_gmt":"2014-09-21T15:34:41","guid":{"rendered":"http:\/\/hp-salentin.de\/?page_id=1068"},"modified":"2022-01-20T09:29:22","modified_gmt":"2022-01-20T07:29:22","slug":"workshops","status":"publish","type":"page","link":"http:\/\/hp-salentin.de\/?page_id=1068","title":{"rendered":"Offer : Vodooo Sessions (English Version too) -musikalische Reisen"},"content":{"rendered":"<p><a href=\"http:\/\/hp-salentin.de\/wp-content\/uploads\/2014\/09\/20180822_174602.jpg\"><img loading=\"lazy\" decoding=\"async\" class=\"alignleft size-medium wp-image-2564\" src=\"http:\/\/hp-salentin.de\/wp-content\/uploads\/2014\/09\/20180822_174602-300x300.jpg\" alt=\"20180822_174602\" width=\"300\" height=\"300\" \/><\/a><\/p>\n<p><span style=\"font-size: 36pt;\"><strong>for English Version , please scroll down<\/strong> <\/span><\/p>\n<p><strong><span style=\"font-size: 18pt;\">WORKSHOP ANGEBOT: Vodoo Sessions<\/span> <\/strong><\/p>\n<p>Haben Sie schon einmal erlebt, das sich Musiker, die sich nie zuvor gesehen haben, zu einem Workshop treffen und dort 2 Stunden gemeinsam spielen, ohne auch nur ein Notenblatt vor sich zu haben?<\/p>\n<p>Alles ist in dieser Zeit musikalisch m\u00f6glich. Mal wird aus den Musikern ein Chor, mal eine funkige Band, dann wieder ein sph\u00e4risches Ensemble und vielleicht geht die Reise auch nach Brasilien. Wirklich alles ist m\u00f6glich.<\/p>\n<p>Unter der Anleitung von Hans Peter Salentin, einem musikalisch sehr breit aufgestellten Ausnahmemusiker und Komponisten beginnt gleich nach der Vorstellung der einzelnen Teilnehmer die gemeinsame Reise.<\/p>\n<p>\u201eWir gehen zur\u00fcck zum Ursprung der Musik\u201c, betont Salentin.<br \/>\n\u201eJemand gibt etwas vor und darauf wird reagiert.<br \/>\nSo funktioniert auch jedes gute Gespr\u00e4ch\u201c.<br \/>\nEs sind \u201eH\u00f6ren\u201c und \u201eNachspielen\u201c \u2013 \u201eCall and Response\u201c.<\/p>\n<p><a href=\"http:\/\/hp-salentin.de\/wp-content\/uploads\/2014\/09\/20988168_1541594209212336_516002472852237306_o.jpg\"><img loading=\"lazy\" decoding=\"async\" class=\"alignleft size-medium wp-image-2557\" src=\"http:\/\/hp-salentin.de\/wp-content\/uploads\/2014\/09\/20988168_1541594209212336_516002472852237306_o-300x145.jpg\" alt=\"20988168_1541594209212336_516002472852237306_o\" width=\"300\" height=\"145\" \/><\/a><\/p>\n<p>Diese hier von Salentin angewandte Technik \u00f6ffnet den Einzelnen f\u00fcr die Musik, ohne gleichzeitig kognitiv zu arbeiten.<br \/>\n(Blattlesen, etc.)<br \/>\nDas Wort \u201eArbeit\u201c kommt bei Salentin in diesem Zusammenhang nicht vor.<br \/>\nEs geht um ein au\u00dfergew\u00f6hnliches gemeinsames Erleben, wobei auch solistisches Spiel gef\u00f6rdert und weiterentwickelt wird.<\/p>\n<p>In einer Pause haben die Teilnehmer die M\u00f6glichkeit, das Erlebte untereinander auszutauschen.<\/p>\n<p>Danach werden die Erfahrungen gemeinsam mit Hans Peter Salentin aufgearbeitet.<br \/>\nViele wesentliche Aspekte der Musik werden angesprochen, z.B.:<\/p>\n<p>&#8211; Analytisches H\u00f6ren,<br \/>\n&#8211; Verbesserung des Zusammenspiels<br \/>\n&#8211; Anleitungen zur Improvisation<br \/>\nund noch vieles mehr&#8230;&#8230;<\/p>\n<p><a href=\"http:\/\/hp-salentin.de\/wp-content\/uploads\/2014\/09\/20933822_1541594035879020_9096879427080815070_o.jpg\"><img loading=\"lazy\" decoding=\"async\" class=\"alignleft size-medium wp-image-2558\" src=\"http:\/\/hp-salentin.de\/wp-content\/uploads\/2014\/09\/20933822_1541594035879020_9096879427080815070_o-300x172.jpg\" alt=\"20933822_1541594035879020_9096879427080815070_o\" width=\"300\" height=\"172\" \/><\/a><\/p>\n<p>Nach einer folgenden l\u00e4ngeren Pause wird vorhandenes Notenmaterial, sei es eigenes Big Band Repertoire oder vor dem Workshop an die Teilnehmer verschickte St\u00fccke erarbeitet und gespielt.<br \/>\nNun wird wieder am Kognitiven gearbeitet und Aspekte des Zusammenspiels gef\u00f6rdert.<br \/>\nMusik ist nie eine Selbstdarstellung des Einzelnen.<br \/>\nSie entsteht immer im respektvollen gemeinsamen Spiel.<\/p>\n<p>So haben die Teilnehmer am Ende dieses Workshops die Gelegenheit, noch einmal zu \u201eFreiem\u201c Zusammenspiel zur\u00fcckzukehren oder auch eine erarbeitete Komposition zu spielen.<\/p>\n<p>Salentin hat sein Konzept auf professionelle Ensemble\/Big Bands (Landesjugend Big Bands etc.), Schul- und Musikschul- Big Bands<br \/>\nund auf Ch\u00f6re \u00fcbertragen.<\/p>\n<p>Es f\u00fchrt immer zu einem au\u00dfergew\u00f6hnlichen Gemeinschaftserlebnis.<\/p>\n<p><a href=\"http:\/\/hp-salentin.de\/wp-content\/uploads\/2014\/09\/Vodoo-Session.jpg\"><img loading=\"lazy\" decoding=\"async\" class=\"alignleft size-medium wp-image-2559\" src=\"http:\/\/hp-salentin.de\/wp-content\/uploads\/2014\/09\/Vodoo-Session-300x200.jpg\" alt=\"Vodoo Session\" width=\"300\" height=\"200\" \/><\/a><\/p>\n<p>Stimmen von Teilnehmern:<\/p>\n<p>\u201eDas so etwas \u00fcberhaupt m\u00f6glich ist&#8230;.Musik machen ohne Noten\u201c<\/p>\n<p>\u201eImmer neue Gem\u00e4lde sind entstanden&#8230;.\u201c<\/p>\n<p>\u201eIch h\u00e4tte nie gedacht, das ich ein Solo spielen kann&#8230;\u201c<\/p>\n<p>\u201eBei dem anschlie\u00dfenden St\u00fcck habe ich au\u00dfer meiner Stimme,<br \/>\nnoch viel mehr Nuancen geh\u00f6rt als vorher\u201c<\/p>\n<p>\u201eJetzt geht\u2019s richtig ans \u00dcben&#8230;\u201c<\/p>\n<p>\u201eIch habe soviel Neues in der Musik entdeckt&#8230;wunderbar\u201c<\/p>\n<p>Neben diversen CDs von Salentin gibt es auf seiner Webseite viel Notenmaterial zum Downloaden.<br \/>\nu.a. eine Improvisations-Schule und viele Kompositionen Salentins f\u00fcr Big Band&#8230;..<\/p>\n<p><a href=\"http:\/\/hp-salentin.de\/wp-content\/uploads\/2014\/09\/21015861_1541594009212356_9027129530471748834_o.jpg\"><img loading=\"lazy\" decoding=\"async\" class=\"alignleft size-medium wp-image-2561\" src=\"http:\/\/hp-salentin.de\/wp-content\/uploads\/2014\/09\/21015861_1541594009212356_9027129530471748834_o-300x187.jpg\" alt=\"21015861_1541594009212356_9027129530471748834_o\" width=\"300\" height=\"187\" \/><\/a><a href=\"http:\/\/hp-salentin.de\/wp-content\/uploads\/2014\/09\/20988448_1541593522545738_3524845242406044614_o.jpg\"><img loading=\"lazy\" decoding=\"async\" class=\"alignleft  wp-image-2563\" src=\"http:\/\/hp-salentin.de\/wp-content\/uploads\/2014\/09\/20988448_1541593522545738_3524845242406044614_o-300x148.jpg\" alt=\"20988448_1541593522545738_3524845242406044614_o\" width=\"290\" height=\"143\" \/><\/a><\/p>\n<p><a href=\"http:\/\/hp-salentin.de\/wp-content\/uploads\/2014\/09\/Vodo-Session-1.jpg\"><img loading=\"lazy\" decoding=\"async\" class=\"alignleft  wp-image-2560\" src=\"http:\/\/hp-salentin.de\/wp-content\/uploads\/2014\/09\/Vodo-Session-1-300x200.jpg\" alt=\"Vodo Session 1\" width=\"348\" height=\"232\" \/><\/a><\/p>\n<p>www.hp-salentin.com<\/p>\n<p>I-tunes<br \/>\nCD-Baby<\/p>\n<p>apple music\u00a0\u00a0\u00a0\u00a0\u00a0\u00a0 <a href=\"https:\/\/music.apple.com\/de\/artist\/hans-peter-salentin\/295349011\">https:\/\/music.apple.com\/de\/artist\/hans-peter-salentin\/295349011<\/a><\/p>\n<p>Spotify <a href=\"https:\/\/open.spotify.com\/artist\/3rYA0aIZnur14FksZzb52i\">https:\/\/open.spotify.com\/artist\/3rYA0aIZnur14FksZzb52i<\/a><\/p>\n<p><span style=\"font-size: 18pt;\"><strong>ENGLISH VERSION<\/strong><\/span><\/p>\n<p><a href=\"http:\/\/hp-salentin.de\/wp-content\/uploads\/2014\/09\/19417579_1344415415611583_2949315379315501265_o.jpg\"><img loading=\"lazy\" decoding=\"async\" class=\"alignleft size-medium wp-image-2687\" src=\"http:\/\/hp-salentin.de\/wp-content\/uploads\/2014\/09\/19417579_1344415415611583_2949315379315501265_o-300x199.jpg\" alt=\"19417579_1344415415611583_2949315379315501265_o\" width=\"300\" height=\"199\" \/><\/a><\/p>\n<div class=\"yiv9504603124\">Interested ?<br class=\"yiv9504603124\" \/>Hello from Cologne, my name is Hans Peter Salentin and I am a trumpeter, composer and professor for Jazz at the University of music in W\u00fcrzburg. I would like to offer you a proposal for a musical ,,Vodoo Session\u201c\u00a0 which sounds like\u00a0a funny name, but let me explain what it really means.<\/div>\n<div class=\"yiv9504603124\">I have been doing this for several years with great success and just recently finished a great one in Poland that ran for 5 days.<\/div>\n<div class=\"yiv9504603124\">The number of musicians in a session can be anything between 10 to 60 or more.<\/div>\n<div class=\"yiv9504603124\">Have you ever experienced a group of musicians who have never met before, coming together at a workshop and jamming for 2 hours without a single sheet of music in front of them?<\/div>\n<div class=\"yiv9504603124\">Anything goes in these sessions.<\/div>\n<div class=\"yiv9504603124\">Sometimes the musicians spontaneously form a choir, sometimes a funky band or an ambient ensemble and maybe the musical journey takes us to Brazil.<br class=\"yiv9504603124\" \/>Absolutely everything is possible.<\/div>\n<div class=\"yiv9504603124\">Under the guidance of Hans Peter Salentin, an exceptional musician and composer with a very broad and professional musical background, the journey begins immediately after the introduction of the individual participants.<\/div>\n<div class=\"yiv9504603124\">\u201eWe go back to the origin of music itself\u201c, Salentin emphasises.<br class=\"yiv9504603124\" \/>\u201eOne of the musicians plays a phrase and others react to it.<br class=\"yiv9504603124\" \/>That\u2019s how every decent dialoge works\u201c.<br class=\"yiv9504603124\" \/>We \u201elisten\u201c and \u201ereply\u201c \u2013 \u201ecall and response\u201c.<\/div>\n<div class=\"yiv9504603124\">This approach allows the individual to perceive and contribute to the music without the need of working cognitively at the same time.<br class=\"yiv9504603124\" \/>(no sight reading, etc.)<br class=\"yiv9504603124\" \/>Actually Salentin never uses the word \u201ework\u201c in this context.<br class=\"yiv9504603124\" \/>Instead it is all about the extraordinary collective experience, in which solo playing is also encouraged and further developed.<\/div>\n<div class=\"yiv9504603124\">During a break, the participants have the opportunity to exchange their experiences with each other and discuss them under the guidance of Hans Peter Salentin.<br class=\"yiv9504603124\" \/>Many essential aspects of making music will be addressed, f.e.:<br class=\"yiv9504603124\" \/>\u2013 Analytical listening<br class=\"yiv9504603124\" \/>\u2013 Improvement of interplay<br class=\"yiv9504603124\" \/>\u2013 Instructions for Improvisation\u00a0\u00a0\u00a0\u00a0\u00a0\u00a0\u00a0\u00a0\u00a0\u00a0\u00a0\u00a0\u00a0\u00a0\u00a0\u00a0\u00a0\u00a0\u00a0\u00a0\u00a0\u00a0\u00a0\u00a0\u00a0\u00a0\u00a0\u00a0\u00a0\u00a0\u00a0\u00a0\u00a0\u00a0\u00a0\u00a0\u00a0\u00a0 and much more\u2026\u2026\u2026\u2026\u2026\u2026\u2026\u2026\u2026\u2026\u2026\u2026\u2026.<\/div>\n<div id=\"js_6\" class=\"_5pbx userContent _3576\" data-testid=\"post_message\" data-ft=\"{&quot;tn&quot;:&quot;K&quot;}\">\n<p><a href=\"http:\/\/hp-salentin.de\/wp-content\/uploads\/2014\/09\/20525316_1442341549181397_5683060402197743946_n.jpg\"><img loading=\"lazy\" decoding=\"async\" class=\"alignleft size-medium wp-image-2685\" src=\"http:\/\/hp-salentin.de\/wp-content\/uploads\/2014\/09\/20525316_1442341549181397_5683060402197743946_n-300x300.jpg\" alt=\"20525316_1442341549181397_5683060402197743946_n\" width=\"300\" height=\"300\" \/><\/a>The second part of the session is about playing written music, like the participants own big band repertoire or pieces sent to the participants before the workshop.<\/p>\n<div class=\"yiv9504603124\">The cognitive aspects will take the center in this part of the session and the focus will be on the aspects of playing together.<br class=\"yiv9504603124\" \/>Music should never be a self-portrayal of the individual but<br class=\"yiv9504603124\" \/>a respectful interchange between the contributing musicians.<br class=\"yiv9504603124\" \/>At the end of this workshop, the participants have the opportunity to return to \u201efree\u201c interplay or to perform an elaborated composition.<\/div>\n<div class=\"yiv9504603124\">Salentin\u2019s concept works equally great for professional and non-professional ensembles\/big bands (Landesjugend big bands etc.), school and music school big bands<br class=\"yiv9504603124\" \/>and choirs.<\/div>\n<div class=\"yiv9504603124\">Any Vodoo session always leads to an extraordinary collective experience.<\/div>\n<p><a href=\"http:\/\/hp-salentin.de\/wp-content\/uploads\/2014\/09\/19400332_1344415402278251_3906399212774283744_o.jpg\"><img loading=\"lazy\" decoding=\"async\" class=\"alignleft size-medium wp-image-2686\" src=\"http:\/\/hp-salentin.de\/wp-content\/uploads\/2014\/09\/19400332_1344415402278251_3906399212774283744_o-300x199.jpg\" alt=\"19400332_1344415402278251_3906399212774283744_o\" width=\"300\" height=\"199\" \/><\/a><\/p>\n<div class=\"yiv9504603124\">Vodoo session<\/div>\n<div class=\"yiv9504603124\">testimonials:<\/div>\n<div><\/div>\n<div><\/div>\n<div><\/div>\n<div><\/div>\n<div><\/div>\n<div><\/div>\n<div class=\"yiv9504603124\">\u201eThat such a thing is even possible at all\u2026.making music without sheet music.\u201c<\/div>\n<div class=\"yiv9504603124\">\u201eNew paintings are created\u2026\u201c<\/div>\n<div class=\"yiv9504603124\">\u201eI never thought I could play a solo\u2026\u201c<\/div>\n<div class=\"yiv9504603124\">\u201eI was able to hear<br class=\"yiv9504603124\" \/>even more nuances than before.\u201c<\/div>\n<div class=\"yiv9504603124\">\u201eNow it\u2019s time to practice\u2026\u201c<\/div>\n<div class=\"yiv9504603124\">\u201eI\u2019ve discovered so many new things in music\u2026wonderful.\u201c<\/div>\n<div class=\"yiv9504603124\">You can explore lots of great music on Salentins website<br class=\"yiv9504603124\" \/>including an improvisation course and many compositions of Salentin for a big band ensemble.<\/div>\n<\/div>\n","protected":false},"excerpt":{"rendered":"<p>for English Version , please scroll down WORKSHOP ANGEBOT: Vodoo Sessions Haben Sie schon einmal erlebt, das sich Musiker, die sich nie zuvor gesehen haben, zu einem Workshop treffen und dort 2 Stunden gemeinsam spielen, ohne auch nur ein Notenblatt vor sich zu haben? Alles ist in dieser Zeit musikalisch m\u00f6glich. Mal wird aus den [&hellip;]<\/p>\n","protected":false},"author":1,"featured_media":0,"parent":0,"menu_order":0,"comment_status":"closed","ping_status":"closed","template":"","meta":{"footnotes":""},"class_list":["post-1068","page","type-page","status-publish","hentry"],"_links":{"self":[{"href":"http:\/\/hp-salentin.de\/index.php?rest_route=\/wp\/v2\/pages\/1068","targetHints":{"allow":["GET"]}}],"collection":[{"href":"http:\/\/hp-salentin.de\/index.php?rest_route=\/wp\/v2\/pages"}],"about":[{"href":"http:\/\/hp-salentin.de\/index.php?rest_route=\/wp\/v2\/types\/page"}],"author":[{"embeddable":true,"href":"http:\/\/hp-salentin.de\/index.php?rest_route=\/wp\/v2\/users\/1"}],"replies":[{"embeddable":true,"href":"http:\/\/hp-salentin.de\/index.php?rest_route=%2Fwp%2Fv2%2Fcomments&post=1068"}],"version-history":[{"count":10,"href":"http:\/\/hp-salentin.de\/index.php?rest_route=\/wp\/v2\/pages\/1068\/revisions"}],"predecessor-version":[{"id":3224,"href":"http:\/\/hp-salentin.de\/index.php?rest_route=\/wp\/v2\/pages\/1068\/revisions\/3224"}],"wp:attachment":[{"href":"http:\/\/hp-salentin.de\/index.php?rest_route=%2Fwp%2Fv2%2Fmedia&parent=1068"}],"curies":[{"name":"wp","href":"https:\/\/api.w.org\/{rel}","templated":true}]}}