{"id":1079,"date":"2014-09-21T17:50:34","date_gmt":"2014-09-21T15:50:34","guid":{"rendered":"http:\/\/hp-salentin.de\/?page_id=1079"},"modified":"2014-09-23T11:43:21","modified_gmt":"2014-09-23T09:43:21","slug":"hans-peter-salentins-parisian-melange","status":"publish","type":"page","link":"http:\/\/hp-salentin.de\/?page_id=1079","title":{"rendered":"Hans Peter Salentin&#8217;s Parisian Melange"},"content":{"rendered":"<p><span style=\"font-family: Arial, sans-serif; font-size: small;\">Was f\u00fcr eine Musik findet sich in solch einem Titel wieder? Paris ist eine Weltmetropole mit internationaler B\u00fchne und franz\u00f6sischem Charme, mit viel Lebensgef\u00fchl und Lebenserfahrung, voller Gegens\u00e4tze, temporeich und doch zeitlos, \u2013 hipp und dennoch unverkennbar, \u2013 einfach \u201eParis\u201c.<\/span><\/p>\n<p>Der Musiker Hans-Peter Salentin hat musikalisch schon viele B\u00fchnen betreten. Von Bebop \u00fcber Jazz, Latin, Lounge bis hin zu Worldmusic ist er gereift und f\u00fchlt sich in den verschiedensten Genres zuhause. In Parisian Melange verbindet er all das zu einer musikalischen, frankophilen Melange, die Lust auf mehr macht!!<\/p>\n<p class=\"Stil20\"><span style=\"font-family: Arial, sans-serif;\"><span style=\"font-size: small;\">Besetzung:<\/span><\/span><\/p>\n<p>Walerie K\u00fchl, Piano &amp; Keyboards<br \/>\nHarald Oeler, Akkordeon<br \/>\nBenjamin Freibott, Gitarre<br \/>\nStephan Schmolck, Kontrabass &amp; Sounds<br \/>\nThomas Fr\u00fchinsfeld, Schlagzeug<br \/>\nDirk Rumig, Saxofon<br \/>\nHans Peter Salentin, Trompete &amp; Fl\u00fcgelhorn<\/p>\n<p class=\"Stil20\"><span style=\"font-family: Arial, sans-serif;\"><span style=\"font-size: small;\">Programm:<\/span><\/span><\/p>\n<p>From Dusk till dawn<br \/>\nParisian Melange<br \/>\nArgentinian Danza<br \/>\nSunance<br \/>\nSurface on Water<br \/>\n3 Pieces for Frim Sauvageot:<br \/>\nDer Fluss des Lebens. Frim<br \/>\nWie ein Tropfen im Meer. Frim 3<br \/>\nEin langer Atemzug. Requiem<\/p>\n<p>&nbsp;<\/p>\n<div id='gallery-1' class='gallery galleryid-1079 gallery-columns-3 gallery-size-thumbnail'><figure class='gallery-item'>\n\t\t\t<div class='gallery-icon '>\n\t\t\t\t<a href='http:\/\/hp-salentin.de\/?attachment_id=1080'>parisian5<\/a>\n\t\t\t<\/div><\/figure><figure class='gallery-item'>\n\t\t\t<div class='gallery-icon '>\n\t\t\t\t<a href='http:\/\/hp-salentin.de\/?attachment_id=1081'>parisian2<\/a>\n\t\t\t<\/div><\/figure><figure class='gallery-item'>\n\t\t\t<div class='gallery-icon '>\n\t\t\t\t<a href='http:\/\/hp-salentin.de\/?attachment_id=1082'>parisian1<\/a>\n\t\t\t<\/div><\/figure><figure class='gallery-item'>\n\t\t\t<div class='gallery-icon '>\n\t\t\t\t<a href='http:\/\/hp-salentin.de\/?attachment_id=1083'>parisian4<\/a>\n\t\t\t<\/div><\/figure>\n\t\t<\/div>\n\n","protected":false},"excerpt":{"rendered":"<p>Was f\u00fcr eine Musik findet sich in solch einem Titel wieder? Paris ist eine Weltmetropole mit internationaler B\u00fchne und franz\u00f6sischem Charme, mit viel Lebensgef\u00fchl und Lebenserfahrung, voller Gegens\u00e4tze, temporeich und doch zeitlos, \u2013 hipp und dennoch unverkennbar, \u2013 einfach \u201eParis\u201c. Der Musiker Hans-Peter Salentin hat musikalisch schon viele B\u00fchnen betreten. Von Bebop \u00fcber Jazz, Latin, [&hellip;]<\/p>\n","protected":false},"author":1,"featured_media":0,"parent":0,"menu_order":0,"comment_status":"closed","ping_status":"closed","template":"","meta":{"footnotes":""},"class_list":["post-1079","page","type-page","status-publish","hentry"],"_links":{"self":[{"href":"http:\/\/hp-salentin.de\/index.php?rest_route=\/wp\/v2\/pages\/1079","targetHints":{"allow":["GET"]}}],"collection":[{"href":"http:\/\/hp-salentin.de\/index.php?rest_route=\/wp\/v2\/pages"}],"about":[{"href":"http:\/\/hp-salentin.de\/index.php?rest_route=\/wp\/v2\/types\/page"}],"author":[{"embeddable":true,"href":"http:\/\/hp-salentin.de\/index.php?rest_route=\/wp\/v2\/users\/1"}],"replies":[{"embeddable":true,"href":"http:\/\/hp-salentin.de\/index.php?rest_route=%2Fwp%2Fv2%2Fcomments&post=1079"}],"version-history":[{"count":2,"href":"http:\/\/hp-salentin.de\/index.php?rest_route=\/wp\/v2\/pages\/1079\/revisions"}],"predecessor-version":[{"id":1085,"href":"http:\/\/hp-salentin.de\/index.php?rest_route=\/wp\/v2\/pages\/1079\/revisions\/1085"}],"wp:attachment":[{"href":"http:\/\/hp-salentin.de\/index.php?rest_route=%2Fwp%2Fv2%2Fmedia&parent=1079"}],"curies":[{"name":"wp","href":"https:\/\/api.w.org\/{rel}","templated":true}]}}