{"id":1086,"date":"2014-09-21T17:54:54","date_gmt":"2014-09-21T15:54:54","guid":{"rendered":"http:\/\/hp-salentin.de\/?page_id=1086"},"modified":"2014-09-23T11:43:43","modified_gmt":"2014-09-23T09:43:43","slug":"hans-peter-salentins-zwischenraeume","status":"publish","type":"page","link":"http:\/\/hp-salentin.de\/?page_id=1086","title":{"rendered":"Hans Peter Salentins Zwischenr\u00e4ume"},"content":{"rendered":"<p><span style=\"font-family: Arial, sans-serif; font-size: small;\">Die Mitglieder der Band \u201eZwischenr\u00e4ume\u201c sind Hans Peter Salentin (K\u00f6ln\/Trompete, Fl\u00fcgelhorn und Komp.), Walerie K\u00fchl (Ulm\/Piano und Keyboards) und Stephan Schmolck (Frankfurt\/Bass und Soundprocessing). \u201eZwischenr\u00e4ume\u201c &#8211; das ist wohl eine der zurzeit interessantesten Konstellationen in Deutschland.<\/span><\/p>\n<p>Die Musiker f\u00fchren ihre Zuh\u00f6rer immer wieder zu neue Klangebenen, ein akustischer Wandelgang zwischen den R\u00e4umen. Die Gestaltung unterliegt keinen Regeln, nur \u00e4sthetischen Grunds\u00e4tzen. Immer wieder wissen die Musiker ihr Publikum in andere Sph\u00e4ren zu entf\u00fchren. Nicht vorhersehbar und doch in der Gesamtheit immer logisch, bedienen sie sich in allen Genres. Gerade die abwechslungsreichen Eins\u00e4tze der elektronischen Sounds bei Trompete und Kontrabass sowie die unterschiedlichen Klangebenen von Klavier und Keyboard f\u00fchren zum Verlassen nur zu gut bekannter R\u00e4ume und lassen so \u201eZwischenr\u00e4ume\u201c entstehen. Keine Phrase ist Selbstzweck, keine musikalische Idee Anfang oder Ende, keiner ist Solist oder Begleiter &#8211; in den \u201eZwischenr\u00e4umen\u201c sind alle Musiker gleichberechtigter Bestandteil des Gesamten.<\/p>\n<p>Das musikalische Schubladendenken ist l\u00e4ngst \u00fcberholt, erl\u00e4utert Hans Peter Salentin. Seine Musik will der Trompeter und Fl\u00fcgelhornist mit \u201eden M\u00f6glichkeiten unserer Zeit\u201c gestalten. Interaktion auf h\u00f6chstem Niveau.<\/p>\n<p><span style=\"font-family: Arial, sans-serif; font-size: small;\"><br \/>\nStimmen zu Zwischenr\u00e4ume:<\/span><\/p>\n<p>&#8230;Immer wieder wissen die Herren ihr Publikum in andere Sph\u00e4ren zu entf\u00fchren. Nicht vorhersehbar und doch in der Gesamtheit immer logisch, wilderten die Meister in allen Gefilden. Gerade die abwechslungsreichen Eins\u00e4tze der elektronischen Sounds bei Trompete und Kontrabass f\u00fchrten zum Verlassen nur zu gut bekannter R\u00e4ume und lie\u00dfen so &#8222;Zwischenr\u00e4ume&#8220; entstehen.<\/p>\n<p>Oft wurde das Publikum verbl\u00fcfft, aber nie, wie in alten Improvisationskonzepten oft geschehen, vor den Kopf gesto\u00dfen. Im Gegenteil, die Atmosph\u00e4re des Raumes \u00fcbertrug sich auf die Musiker und somit erzeugte das Trio einen sehr ungew\u00f6hnlichen und hochinteressanten Gesamteindruck&#8230;.<\/p>\n<p>&#8230;&#8220;Wunderbare Musik, die zum Tr\u00e4umen einlud in der Kapelle des alten Klosters Nettersheim&#8230; Wo vorher noch Kunstinteressierte die Bilder im Rahmen der Eifeler Ateliertage betrachteten, f\u00fcllte nun die Musik der Meister den Raum. Spannend, \u00fcberraschend er\u00f6ffneten sich f\u00fcr die Zuh\u00f6rer st\u00e4ndig neue Klangwelten. Einer der aussagekr\u00e4ftigsten Trompeter der europ\u00e4ischen Jazzszene HP Salentin, Walerie K\u00fchl (Piano) und Stephan Schmolck (Kontrabass und Sounds) boten au\u00dfergew\u00f6hnliche Zwischenr\u00e4ume.<\/p>\n<p>&#8230;Das ist wohl eine der zur Zeit interessantesten Konstellationen in Deutschland. Keine Nachwuchsarbeit, sondern Interaktion auf h\u00f6chstem Niveau. &#8222;Gro\u00dfes Tennis!!!&#8220;, wie ein Zuh\u00f6rer treffend bemerkte. Dem K\u00fcnstler und Kulturschaffenden Frank Wollny und nicht zuletzt der professionellen Lehser Musikproduktion sei Dank f\u00fcr dieses besondere Event.<\/p>\n<p>Zwischenr\u00e4ume auf Youtube:<br \/>\n<a href=\"http:\/\/www.youtube.com\/watch?v=F0Z2UU-TOnk\" target=\"_blank\">Live 2009 &#8211; Part 3<\/a><br \/>\n<a href=\"http:\/\/www.youtube.com\/watch?v=dGH1iD79vKw\" target=\"_blank\">Live 5 (2009)<\/a><br \/>\n<a href=\"http:\/\/www.youtube.com\/watch?v=fN42rKA1JlM\" target=\"_blank\">Live 2 (2009)<\/a><\/p>\n<p>&nbsp;<\/p>\n<p>&nbsp;<\/p>\n<div id='gallery-1' class='gallery galleryid-1086 gallery-columns-3 gallery-size-thumbnail'><figure class='gallery-item'>\n\t\t\t<div class='gallery-icon '>\n\t\t\t\t<a href='http:\/\/hp-salentin.de\/?attachment_id=1089'>zwischen-wali-hp<\/a>\n\t\t\t<\/div><\/figure><figure class='gallery-item'>\n\t\t\t<div class='gallery-icon '>\n\t\t\t\t<a href='http:\/\/hp-salentin.de\/?attachment_id=1088'>091005Nettersheim<\/a>\n\t\t\t<\/div><\/figure><figure class='gallery-item'>\n\t\t\t<div class='gallery-icon '>\n\t\t\t\t<a href='http:\/\/hp-salentin.de\/?attachment_id=1087'>zwischen-schmolck<\/a>\n\t\t\t<\/div><\/figure>\n\t\t<\/div>\n\n","protected":false},"excerpt":{"rendered":"<p>Die Mitglieder der Band \u201eZwischenr\u00e4ume\u201c sind Hans Peter Salentin (K\u00f6ln\/Trompete, Fl\u00fcgelhorn und Komp.), Walerie K\u00fchl (Ulm\/Piano und Keyboards) und Stephan Schmolck (Frankfurt\/Bass und Soundprocessing). \u201eZwischenr\u00e4ume\u201c &#8211; das ist wohl eine der zurzeit interessantesten Konstellationen in Deutschland. Die Musiker f\u00fchren ihre Zuh\u00f6rer immer wieder zu neue Klangebenen, ein akustischer Wandelgang zwischen den R\u00e4umen. Die Gestaltung unterliegt [&hellip;]<\/p>\n","protected":false},"author":1,"featured_media":0,"parent":0,"menu_order":0,"comment_status":"closed","ping_status":"closed","template":"","meta":{"footnotes":""},"class_list":["post-1086","page","type-page","status-publish","hentry"],"_links":{"self":[{"href":"http:\/\/hp-salentin.de\/index.php?rest_route=\/wp\/v2\/pages\/1086","targetHints":{"allow":["GET"]}}],"collection":[{"href":"http:\/\/hp-salentin.de\/index.php?rest_route=\/wp\/v2\/pages"}],"about":[{"href":"http:\/\/hp-salentin.de\/index.php?rest_route=\/wp\/v2\/types\/page"}],"author":[{"embeddable":true,"href":"http:\/\/hp-salentin.de\/index.php?rest_route=\/wp\/v2\/users\/1"}],"replies":[{"embeddable":true,"href":"http:\/\/hp-salentin.de\/index.php?rest_route=%2Fwp%2Fv2%2Fcomments&post=1086"}],"version-history":[{"count":2,"href":"http:\/\/hp-salentin.de\/index.php?rest_route=\/wp\/v2\/pages\/1086\/revisions"}],"predecessor-version":[{"id":1091,"href":"http:\/\/hp-salentin.de\/index.php?rest_route=\/wp\/v2\/pages\/1086\/revisions\/1091"}],"wp:attachment":[{"href":"http:\/\/hp-salentin.de\/index.php?rest_route=%2Fwp%2Fv2%2Fmedia&parent=1086"}],"curies":[{"name":"wp","href":"https:\/\/api.w.org\/{rel}","templated":true}]}}