{"id":1092,"date":"2014-09-21T18:01:42","date_gmt":"2014-09-21T16:01:42","guid":{"rendered":"http:\/\/hp-salentin.de\/?page_id=1092"},"modified":"2014-09-23T11:43:35","modified_gmt":"2014-09-23T09:43:35","slug":"hans-peter-salentins-soundscape","status":"publish","type":"page","link":"http:\/\/hp-salentin.de\/?page_id=1092","title":{"rendered":"Hans Peter Salentins Soundscape"},"content":{"rendered":"<p><span style=\"font-family: Arial, sans-serif; font-size: small;\">Hans Peter Salentin: Tp\/Flgh\/Kompositionen<br \/>\nRainer Wind: E-Bass<br \/>\nStefan Schleiner: Drums<br \/>\nWalerie K\u00fchl: Keyboards<\/span><\/p>\n<p><span style=\"font-family: Arial, sans-serif; font-size: small;\">Es begann, wie viele musikalische Ereignisse bei HpSalentin mit einem Auftrag f\u00fcr Citybank. Und es entstand der erste Lounge-Titel. Dem folgten weitere und es gibt nun 2 Lounge-CDs: &#8222;Soundscape&#8220; und &#8222;All Inclusive&#8220;, aus denen HpS mit seinen langj\u00e4hrigen Freunden spielen wird. Einige St\u00fccke sind bei Wave-Musik erschienen und Salentins &#8222;Dauerbrenner&#8220; Landscape wird seit 1 1\/2 Jahren fast t\u00e4glich bei WDR 5 gespielt. Einen kleinen Vorgeschmack gibt es auf Youtube.<\/span><\/p>\n<p>Die CDs sind auf Amazon, iTunes etc erh\u00e4ltlich.<\/p>\n<p>Nach diesem Winter genau das Richtige, aber man w\u00fcrde HpS unrecht tun, wenn man eine langweilige Fahrstuhlmusik erwarten w\u00fcrde. Daf\u00fcr sind er und seine Kollegen zu gerne: MUSIKER!!!<\/p>\n<p class=\"Stil20\"><span style=\"font-family: Arial, sans-serif;\"><span style=\"font-size: small;\"><a href=\"http:\/\/hp-salentin.de\/pressebereich\/kritiken\/presse_kritiken.html#100604-duerener\">Pressekritik zu Soundscape<\/a><\/span><\/span><\/p>\n<p>Soundscape auf Youtube:<\/p>\n<p><a href=\"http:\/\/www.youtube.com\/watch?v=vMJu30-zvtM\">Landscape<\/a><br \/>\n<a href=\"http:\/\/www.youtube.com\/watch?v=tibEIIg3ALg\" target=\"_blank\">You make me smile<\/a><br \/>\n<a href=\"http:\/\/www.youtube.com\/watch?v=ZBwwVkmkq3U\" target=\"_blank\">CD &#8222;Soundscape&#8220; &#8211; Lounge Deluxe<\/a><br \/>\n<a href=\"http:\/\/www.youtube.com\/watch?v=ROgt4rRBVu8\" target=\"_blank\">Trans 4 Motion<\/a><\/p>\n<p>&nbsp;<\/p>\n<p class=\"Stil20\"><img decoding=\"async\" src=\"http:\/\/hp-salentin.de\/grafik\/bands4booking\/soundscape.jpg\" alt=\"\" \/><\/p>\n","protected":false},"excerpt":{"rendered":"<p>Hans Peter Salentin: Tp\/Flgh\/Kompositionen Rainer Wind: E-Bass Stefan Schleiner: Drums Walerie K\u00fchl: Keyboards Es begann, wie viele musikalische Ereignisse bei HpSalentin mit einem Auftrag f\u00fcr Citybank. Und es entstand der erste Lounge-Titel. Dem folgten weitere und es gibt nun 2 Lounge-CDs: &#8222;Soundscape&#8220; und &#8222;All Inclusive&#8220;, aus denen HpS mit seinen langj\u00e4hrigen Freunden spielen wird. Einige [&hellip;]<\/p>\n","protected":false},"author":1,"featured_media":0,"parent":0,"menu_order":0,"comment_status":"closed","ping_status":"closed","template":"","meta":{"footnotes":""},"class_list":["post-1092","page","type-page","status-publish","hentry"],"_links":{"self":[{"href":"http:\/\/hp-salentin.de\/index.php?rest_route=\/wp\/v2\/pages\/1092","targetHints":{"allow":["GET"]}}],"collection":[{"href":"http:\/\/hp-salentin.de\/index.php?rest_route=\/wp\/v2\/pages"}],"about":[{"href":"http:\/\/hp-salentin.de\/index.php?rest_route=\/wp\/v2\/types\/page"}],"author":[{"embeddable":true,"href":"http:\/\/hp-salentin.de\/index.php?rest_route=\/wp\/v2\/users\/1"}],"replies":[{"embeddable":true,"href":"http:\/\/hp-salentin.de\/index.php?rest_route=%2Fwp%2Fv2%2Fcomments&post=1092"}],"version-history":[{"count":3,"href":"http:\/\/hp-salentin.de\/index.php?rest_route=\/wp\/v2\/pages\/1092\/revisions"}],"predecessor-version":[{"id":1095,"href":"http:\/\/hp-salentin.de\/index.php?rest_route=\/wp\/v2\/pages\/1092\/revisions\/1095"}],"wp:attachment":[{"href":"http:\/\/hp-salentin.de\/index.php?rest_route=%2Fwp%2Fv2%2Fmedia&parent=1092"}],"curies":[{"name":"wp","href":"https:\/\/api.w.org\/{rel}","templated":true}]}}