{"id":2,"date":"2014-04-30T11:39:45","date_gmt":"2014-04-30T09:39:45","guid":{"rendered":"http:\/\/hp-salentin.de\/?page_id=2"},"modified":"2024-02-21T14:59:03","modified_gmt":"2024-02-21T12:59:03","slug":"beispiel-seite","status":"publish","type":"page","link":"http:\/\/hp-salentin.de\/?page_id=2","title":{"rendered":"Hans Peter Salentin        ,,Bio in Deutsch&#8220;"},"content":{"rendered":"<p style=\"text-align: justify;\"><strong><br \/>\n<a href=\"http:\/\/hp-salentin.de\/wp-content\/uploads\/2014\/04\/hp_klavier.jpg\"><img loading=\"lazy\" decoding=\"async\" class=\"alignnone  wp-image-31\" style=\"width: 687px;\" src=\"http:\/\/hp-salentin.de\/wp-content\/uploads\/2014\/04\/hp_klavier.jpg\" alt=\"hp_klavier\" width=\"503\" height=\"521\" align=\"left\" hspace=\"20\" \/><\/a><\/strong><\/p>\n<p><span style=\"font-size: x-large;\"><b>The Realtime Composer Prof. Hans Peter Salentin<\/b><\/span><\/p>\n<p><a name=\"content\"><\/a><\/p>\n<p align=\"JUSTIFY\"><strong>Die lmprovisation ist ein unendliches Feld geworden.<\/strong><\/p>\n<p align=\"JUSTIFY\"><strong>Verkn\u00fcpfungen mit den unterschiedlichsten Musikformen sind heute gang<\/strong><\/p>\n<p align=\"JUSTIFY\"><strong>und g\u00e4be.<\/strong><\/p>\n<p align=\"JUSTIFY\"><strong>lch habe versucht einen m\u00f6glichen Weg zur lmprovisation zu zeigen,<\/strong><\/p>\n<p align=\"JUSTIFY\"><strong>mit dem Wissen, das es auch noch einige andere, sehr sch\u00f6ne<\/strong><\/p>\n<p align=\"JUSTIFY\"><strong>Ans\u00e4tze gibt.<\/strong><\/p>\n<p align=\"JUSTIFY\"><strong>Musik geht immer \u00fcber das ,,H\u00f6ren&#8220;und auch dem Gef\u00fchl des Ge-und<\/strong><\/p>\n<p align=\"JUSTIFY\"><strong>Miss-fallens.<\/strong><\/p>\n<p align=\"JUSTIFY\"><strong>Ich w\u00fcnsche lhnen unendlich sch\u00f6ne Erlebnisse in der Welt der Improvisationen.<\/strong><\/p>\n<p align=\"JUSTIFY\">\n<p align=\"JUSTIFY\"><span style=\"color: #000000;\"><span style=\"font-family: Arial, sans-serif;\"><span style=\"font-size: large;\">Was gibt es \u00fcber jemanden zu sagen, der seit \u00fcber 30 Jahren in der Musik zuhause ist?<\/span><\/span><\/span><\/p>\n<p><span style=\"font-family: Arial, sans-serif;\"><span style=\"font-size: large;\">Hans Peter Salentin, der im Alter von elf Jahren sich der Trompete zuwendete, studierte von 1981 bis 1986 Musik an der Musikhochschule K\u00f6ln. Sein Lehrer war u.a. Jon Eardley. <\/span><\/span><\/p>\n<p><span style=\"font-family: Arial, sans-serif;\"><span style=\"font-size: large;\">Er spielte u.a. mit James Carter, Chick Corea Bob Mintzer, JohnScofield , Mirouslav Vitous und Charlie Mariano. Daneben wirkte er bei Produktionen von Phillip Boa, Reinhard Fendrich, Fritz Brause, Purple Schulz, Senta Berger und unz\u00e4hlige mehr und trat fast 20 Jahre in der Hausband der Harald Schmidt Show auf.<\/span><\/span><\/p>\n<p><span style=\"font-family: Arial, sans-serif;\"><span style=\"font-size: large;\">Bill Dobbins bezeichnete ihn als <\/span><\/span><em><span style=\"font-family: Arial, sans-serif;\"><span style=\"font-size: large;\">\u201eeinen der besten Trompeter der heutigen europ\u00e4ischen Szene\u201c.<\/span><\/span><\/em><\/p>\n<blockquote><p><span style=\"font-family: Arial, sans-serif;\"><span style=\"font-size: large;\">Nach dem Jazz Podium(2008) hat er<\/span><\/span><em><span style=\"font-family: Arial, sans-serif;\"><span style=\"font-size: large;\"> \u201esich zu einem bedeutenden Trompeter der europ\u00e4ischen Jazzscene entwickelt\u201c.<\/span><\/span><\/em><\/p><\/blockquote>\n<p><span style=\"font-family: Arial, sans-serif;\"><span style=\"font-size: large;\">Das amerikanische Internetmagazin <i>All about Jazz<\/i> verglich seine Spielweise mit Miles Davis, Nils Petter Molvaer und Markus Stockhausen.<\/span><\/span><\/p>\n<p><span style=\"color: #000000;\"><span style=\"font-family: Arial, sans-serif;\"><span style=\"font-size: large;\">Jazz -Podium:<\/span><\/span><\/span><em><span style=\"color: #000000;\"><span style=\"font-family: Arial, sans-serif;\"><span style=\"font-size: large;\"> \u201eHPS hat sich zu einem bedeutenden europ\u00e4ischen Trompeter entwickelt\u201c<\/span><\/span><\/span><\/em><span style=\"font-family: Arial, sans-serif;\"><span style=\"font-size: large;\"><br \/>\n<\/span><\/span><span style=\"color: #000000;\"><span style=\"font-family: Arial, sans-serif;\"><span style=\"font-size: large;\">The American Jazzmagazine:<\/span><\/span><\/span><\/p>\n<p><em><span style=\"color: #000000;\"><span style=\"font-family: Arial, sans-serif;\"><span style=\"font-size: large;\">,, Salentin furthermore uses every electronic possibility available today to make his trumpet create sounds previously unheard, without relinquishing the basic sounds. His playing and improvising are excellent, with some Miles references in it, also indebted to Nils Petter-Molvaer or Markus Stockhausen.\u201c<\/span><\/span><\/span><\/em><\/p>\n<p><em>\u00a0<\/em><\/p>\n<p><span style=\"color: #000000;\"><span style=\"font-family: Arial, sans-serif;\"><span style=\"font-size: large;\">Bill Dobbins ( Rochester New York, ehemaliger .Leiter der WDR Big Band):<\/span><\/span><\/span><\/p>\n<p><em><span style=\"color: #000000;\"><span style=\"font-family: Arial, sans-serif;\"><span style=\"font-size: large;\">,,Er ist einer der besten europ\u00e4ischen Trompeter.\u201c<\/span><\/span><\/span><\/em><\/p>\n<p><span style=\"font-family: Arial, sans-serif;\"><span style=\"font-size: large;\">Hans Peter Salentin ver\u00f6ffentlichte bis heute 30 eigene CD,s.<\/span><\/span><\/p>\n<p><span style=\"font-family: Arial, sans-serif;\"><span style=\"font-size: large;\">Siehe: <\/span><\/span><\/p>\n<p><span style=\"font-family: Arial, sans-serif;\"><span style=\"font-size: large;\">Amazon, I-tunes, CD Baby, Spotify, Apple music<\/span><\/span><\/p>\n<p><em>\u00a0<\/em><\/p>\n<p><span style=\"font-family: Arial, sans-serif;\"><span style=\"font-size: large;\">2003 wurde er zum Professor an die Hochschule f\u00fcr Musikberufen. Neben seiner Hochschullehrer- und Konzertt\u00e4tigkeit ist er als Komponist t\u00e4tig.<\/span><\/span><\/p>\n<p><span style=\"font-family: Arial, sans-serif;\"><span style=\"font-size: large;\">Er komponierte auch Filmmusik und f\u00fcr Streichquartette. Mittlerweile hat er weit \u00fcber 30 eigene Alben ver\u00f6ffentlicht. <\/span><\/span><\/p>\n<p><span style=\"font-family: Arial, sans-serif;\"><span style=\"font-size: large;\">Siehe Spotify und you tube <\/span><\/span><\/p>\n<p><span style=\"font-family: Arial, sans-serif;\"><span style=\"font-size: large;\">Auf seiner Webseite ist u.a. eine umfangreiche \u201eImprovisationsschule\u201c (200 Seiten) zum freien Download bereitgestellt. <\/span><\/span><\/p>\n<p><span style=\"font-family: Arial, sans-serif;\"><span style=\"font-size: large;\">Als Jazzmusiker ist er ein wahrer Echtzeitkomponist und Melodienerfinder. <\/span><\/span><\/p>\n<p><span style=\"font-family: Arial, sans-serif;\"><span style=\"font-size: large;\">Das erleichterte es ihm sowohl als Komponist (mittlerweile \u00fcber 30 CDs unter seinem Namen, Filmmusiken, Musik f\u00fcr Streichquartette), <\/span><\/span><\/p>\n<p><span style=\"font-family: Arial, sans-serif;\"><span style=\"font-size: large;\">als auch als Produzent (u.a. Lounge Musik und Kinderb\u00fccher , mit Musik und Text ) seine Ideen zu verwirklichen. <\/span><\/span><\/p>\n<p><span style=\"font-family: Arial, sans-serif;\"><span style=\"font-size: large;\">Das musikalische Spektrum seiner Produktionen ist weit gestreut. <\/span><\/span><\/p>\n<p><span style=\"font-family: Arial, sans-serif;\"><span style=\"font-size: large;\">Es bewegt sich zwischen Mainstream, freien Improvisationen und Wave Music.<\/span><\/span><\/p>\n<p><span style=\"font-family: Arial, sans-serif;\"><span style=\"font-size: large;\">Seine Trompetenschule bekam den Deutschen Musik Editions Preis (AMA-Verlag) und auf Salentins Homepage findet man ein Improvisationsschule zum kostenlosen Download.<\/span><\/span><\/p>\n<p><span style=\"font-family: Arial, sans-serif;\"><span style=\"font-size: large;\">Seit 2010 betreibt Salentin das Label und den Verlag www.<i>Dewey Records.com\u00a0<\/i> <\/span><\/span><\/p>\n<p><span style=\"font-family: Arial, sans-serif;\"><span style=\"font-size: large;\">Viele seiner Kompositionen sind auch f\u00fcr Big-Band arrangiert und seit 2015 ist er k\u00fcnstlerischer Leiter der Westphalien Big Band.<\/span><\/span><\/p>\n<p><span style=\"font-family: Arial, sans-serif;\"><span style=\"font-size: large;\">Er war\u00a0 Yamaha Rec. Artist (2003 bis 2010).<\/span><\/span><\/p>\n<p><span style=\"font-family: Arial, sans-serif;\"><span style=\"font-size: large;\">Seit Juli 2010 ist Salentin <i>Adams Artist<\/i> und spielt ausschlie\u00dflich Instrumente von Adams\u2013Netherlands.<\/span><\/span><\/p>\n<p><span style=\"font-family: Arial, sans-serif;\"><span style=\"font-size: large;\">Seine Konzert und Workshop T\u00e4tigkeiten f\u00fchren ihn oft ins Ausland.<\/span><\/span><\/p>\n<p><span style=\"font-family: Arial, sans-serif;\"><span style=\"font-size: large;\">Zu erw\u00e4hnen w\u00e4re besonders :<\/span><\/span><\/p>\n<p><span style=\"font-family: Arial, sans-serif;\"><span style=\"font-size: large;\">die Zusammenarbeit mit dem Frauen Chor von Gavoi-Sardinien,<\/span><\/span><\/p>\n<p><span style=\"font-family: Arial, sans-serif;\"><span style=\"font-size: large;\">unter der Leitung von Mauro Lisei,<\/span><\/span><\/p>\n<p><span style=\"font-family: Arial, sans-serif;\"><span style=\"font-size: large;\">die Cooperation mit Julia Sawicka-Pro Musica -Polen ( u.a. ,,Music of Sting\u201c mit Orchester )<\/span><\/span><\/p>\n<p><span style=\"font-family: Arial, sans-serif;\"><span style=\"font-size: large;\">und in j\u00fcngster Zeit das ,,International Jazz Project\u201c in der Ukraine mit Laura &amp; Kristina Marti und Jazz in Kiew, mit dem Salentin in Lviv, Kiew und Odessa konzertierte,<\/span><\/span><\/p>\n<p><span style=\"font-family: Arial, sans-serif;\"><span style=\"font-size: large;\">das Projekt ,,Kazhargan\u2019s World \u201c , das Musiker aus der ganzen Welt\u00a0 ( New York, Russland, Deutschland, Frankreich ) zu einem CD Projekt zusammen gef\u00fchrt.<\/span><\/span><\/p>\n<p><span style=\"font-family: Arial, sans-serif;\"><span style=\"font-size: large;\">Heute gibt es bereits 3 CD,s dieser Formation.<\/span><\/span><\/p>\n<p><span style=\"font-family: Arial, sans-serif;\"><span style=\"font-size: large;\">2022 konzertierte Salentin auf Einladung des Goethe Institutes in Israel. Ehud Ettun konnte Salentin so nach in Mitzpe Ramon einladen und es gab Konzerte , Workshops u.a. auch in Tel Aviv und Jerusalem.<\/span><\/span><\/p>\n<p><span style=\"font-family: Arial, sans-serif;\"><span style=\"font-size: large;\">Die Jerusalem Post, die als das weltweite gr\u00f6\u00dfte englisch sprachige Zeitung Israels gilt, widmete dem Besuch des K\u00fcnstlers eine ganze Seite.<\/span><\/span><\/p>\n<p><span style=\"font-family: Arial, sans-serif;\"><span style=\"font-size: large;\">Ein weiterer Schwerpunkt seiner Arbeit ist die Zusammenarbeit mit dem Produzenten Hans J\u00f6rg Scheffler. Die inzwischen \u00fcber 10 CD&#8217;s aus der Reihe <\/span><\/span><\/p>\n<p><span style=\"font-family: Arial, sans-serif;\"><span style=\"font-size: large;\">,,Salentin &amp; Scheffler&#8220; bewegen sich zwischen Trans-World-Groove und Urbanen St\u00fccken. <\/span><\/span><\/p>\n<p><span style=\"font-family: Arial, sans-serif;\"><span style=\"font-size: large;\">Weltweit bekannte Musiker befinden sich auf diesen Alben.<\/span><\/span><\/p>\n<p><span style=\"font-family: Arial, sans-serif;\"><span style=\"font-size: large;\">Salentin&#8217;s j\u00fcngste Produktion entstand 2023 in mitten des Russischen Angriffskrieges auf die Ukraine mit Musikern aus Kiew.<\/span><\/span><\/p>\n<p><span style=\"font-family: Arial, sans-serif;\"><span style=\"font-size: large;\">Der Pianist und Produzent Rodion Ivanow ( Kiew), Igor Zakus ( Bass ) , Eugene Uvarov ( Guitar ) und Sergey Yuzvik ( Drums ) halfen bei der Realisation.<\/span><\/span><\/p>\n<p><span style=\"font-family: Arial, sans-serif;\"><span style=\"font-size: large;\">Ein Ukranisch Deutsches Projekt in mitten des Krieges, welches aber durch Salentin&#8217;s Kompositionen zu einer loungigen CD geworden ist und kein Statement zum ,,Ist&#8220; Zustand in der Ukraine.<\/span><\/span><\/p>\n<p><span style=\"font-family: Arial, sans-serif;\"><span style=\"font-size: large;\">CD ,, and eveything inbetween&#8220; <\/span><\/span><\/p>\n<p><span style=\"font-family: Arial, sans-serif;\"><span style=\"font-size: large;\">Zur Zeit arbeitet Salentin ( 2024 ) and einer neuen CD inspiriert durch die Modern Dance Company ,,Komokodance&#8220; 13 neue St\u00fccke sind in Arbeit.<\/span><\/span><\/p>\n<p><span style=\"font-family: Arial, sans-serif;\"><span style=\"font-size: large;\">\u00dcbrigens sind alle Musiken Salentin auf Spotify und allen anderen Medien zu h\u00f6ren-\/ you tube \/ apple music \/ amazon music &#8211;<\/span><\/span><\/p>\n<p><span style=\"font-family: Arial, sans-serif;\"><span style=\"font-size: large;\">seine loungige Komposition ,,Landscape &#8220; erreicht bald die 1Million H\u00f6rer Grenze, was f\u00fcr eine Jazzmusiker eine sehr beeindruckende Zahl ist.<\/span><\/span><\/p>\n<p><span style=\"font-family: Arial, sans-serif;\"><span style=\"font-size: large;\">Durch seine lange Erfahrung mit verschiedensten Improvisations Techniken entwarf Salentin ein eigenes Konzept.<\/span><\/span><\/p>\n<p><span style=\"font-family: Arial, sans-serif;\"><span style=\"font-size: large;\">Salentin,s Masterclasses sind ein sehr beeindruckendes Erlebnis, da er das Call und Response Prinzip in seinen Stunden verwirklicht und dies f\u00fcr alle ohne gro\u00dfe Einf\u00fchrung umsetzbar ist.<\/span><\/span><\/p>\n<p><span style=\"font-family: Arial, sans-serif;\"><span style=\"font-size: large;\">Sein gro\u00dfes musikalisches Spektrum und seine p\u00e4dagogische T\u00e4tigkeit lassen dies zu einmaligen musikalischen Events werden.<\/span><\/span><\/p>\n<p><span style=\"font-family: Arial, sans-serif;\"><span style=\"font-size: large;\">Diese Konzept wurde u.a. in Polen -Cho Jazz-in Leszno international Jazz Workshop,in Mitzpe Ramon Israel, als auch in Liviv Ukraine und ist seit Jahren Bestandteil der jeweiligen nationalen Jazz Workshops.<\/span><\/span><\/p>\n<p align=\"JUSTIFY\">\n<div>\n<div><\/div>\n<\/div>\n<p style=\"text-align: justify;\"><span style=\"color: #000000;\">Einige Musiker mit denen Hans Peter Salentin zusammengespielt hat:<\/span><br \/>\n<span style=\"color: #000000;\"> James Carter( Leverkusener Jazzfestival),<\/span><br \/>\n<span style=\"color: #000000;\"> Chick Corea ( Frankfurt Musikmesse),<\/span><br \/>\n<span style=\"color: #000000;\"> Bob Mintzer, Simon Phillips (Toto),<\/span><br \/>\n<span style=\"color: #000000;\"> Brandford Marsalis,<\/span><br \/>\n<span style=\"color: #000000;\"> Jeff Hamilton,<\/span><br \/>\n<span style=\"color: #000000;\"> John Scofield (Leverkusener Jazzfestival),<\/span><br \/>\n<span style=\"color: #000000;\"> Miroslav Vitous, Roland H\u00f6ppner,<\/span><br \/>\n<span style=\"color: #000000;\"> Bill Dobbins (YVP CD&#8220;Live im Stadtgarten&#8220; and Trio Projekt &#8222;The Music of Bill Evans&#8220;),<\/span><br \/>\n<span style=\"color: #000000;\"> Decibal Badila,<\/span><br \/>\n<span style=\"color: #000000;\"> John Goldsby,<\/span><\/p>\n<p style=\"text-align: justify;\">Julia Sawicka ,, Music of Sting &#8220; and more<\/p>\n<p style=\"text-align: justify;\">Laura &amp; Kristina Marti<\/p>\n<p style=\"text-align: justify;\">Female Choir of Gavoi \/ Sardegna<br \/>\n<span style=\"color: #000000;\"> Thomas Alkier,<\/span><br \/>\n<span style=\"color: #000000;\"> Mathias Schubert,<\/span><br \/>\n<span style=\"color: #000000;\"> Mike Herting,<\/span><br \/>\n<span style=\"color: #000000;\"> Frank M\u00f6bus,<\/span><br \/>\n<span style=\"color: #000000;\"> Peter Weniger (YVP CD &#8222;My funky Salentin(e)&#8220;),<\/span><br \/>\n<span style=\"color: #000000;\"> Kuba Stankiewicz,<\/span><br \/>\n<span style=\"color: #000000;\"> Z. Namyslowski (Festivals und Tourneen durch Deutschland und Polen),<\/span><br \/>\n<span style=\"color: #000000;\"> Charlie Mariano,<\/span><br \/>\n<span style=\"color: #000000;\"> Frank K\u00f6llges (Moers Jazzfestival),<\/span><br \/>\n<span style=\"color: #000000;\"> Susan und Martin Weinert,<\/span><br \/>\n<span style=\"color: #000000;\"> Mirek Honzak,<\/span><br \/>\n<span style=\"color: #000000;\"> John Riley und John Di Martino (YVP CD &#8220; All John&#8220;) ,<\/span><br \/>\n<span style=\"color: #000000;\"> Andrea Centazzo (,,AC Voyagers&#8220;)CD, Tato Gomez( Lounge und Wave CD,s),<\/span><br \/>\n<span style=\"color: #000000;\"> Hans J\u00f6rg Scheffler, for Salentin &amp; Scheffler more than 10 CD&#8217;s\u00a0 ( Dewey Record- Lounge CD,s)<\/span><br \/>\n<span style=\"color: #000000;\"> Walerie K\u00fchl,<\/span><br \/>\n<span style=\"color: #000000;\"> Benni Freibott,<\/span><br \/>\n<span style=\"color: #000000;\"> Stefan Schmolck ( Dewey Records CD Parisian Melange),<\/span><br \/>\n<span style=\"color: #000000;\"> Torsten Kamps ( Dewey Record Lounge und Big Band CD)<\/span><br \/>\n<span style=\"color: #000000;\"> Cheryl Pyle,<\/span><br \/>\n<span style=\"color: #000000;\"> Toni Cimoroso,<\/span><br \/>\n<span style=\"color: #000000;\"> Max Ridgway,<\/span><br \/>\n<span style=\"color: #000000;\"> Stan Zaslawsky &#8211; Kazhargan World on Dewey Record u.a. CD ,,Modern Times&#8220; ect&#8230;<\/span><\/p>\n<p style=\"text-align: justify;\">Rodion Ivanov-Sergey Yuzvik- Eugen Uvarov\u00a0 Kiew ,, CD Everything Inbetween&#8220;<\/p>\n<p>Igor Zakus<\/p>\n<p>Ehud Ettun ( Israel -Mitzpe Ramon)<\/p>\n","protected":false},"excerpt":{"rendered":"<p>The Realtime Composer Prof. Hans Peter Salentin Die lmprovisation ist ein unendliches Feld geworden. Verkn\u00fcpfungen mit den unterschiedlichsten Musikformen sind heute gang und g\u00e4be. lch habe versucht einen m\u00f6glichen Weg zur lmprovisation zu zeigen, mit dem Wissen, das es auch noch einige andere, sehr sch\u00f6ne Ans\u00e4tze gibt. Musik geht immer \u00fcber das ,,H\u00f6ren&#8220;und auch dem [&hellip;]<\/p>\n","protected":false},"author":1,"featured_media":0,"parent":0,"menu_order":0,"comment_status":"closed","ping_status":"closed","template":"","meta":{"footnotes":""},"class_list":["post-2","page","type-page","status-publish","hentry"],"_links":{"self":[{"href":"http:\/\/hp-salentin.de\/index.php?rest_route=\/wp\/v2\/pages\/2","targetHints":{"allow":["GET"]}}],"collection":[{"href":"http:\/\/hp-salentin.de\/index.php?rest_route=\/wp\/v2\/pages"}],"about":[{"href":"http:\/\/hp-salentin.de\/index.php?rest_route=\/wp\/v2\/types\/page"}],"author":[{"embeddable":true,"href":"http:\/\/hp-salentin.de\/index.php?rest_route=\/wp\/v2\/users\/1"}],"replies":[{"embeddable":true,"href":"http:\/\/hp-salentin.de\/index.php?rest_route=%2Fwp%2Fv2%2Fcomments&post=2"}],"version-history":[{"count":53,"href":"http:\/\/hp-salentin.de\/index.php?rest_route=\/wp\/v2\/pages\/2\/revisions"}],"predecessor-version":[{"id":3707,"href":"http:\/\/hp-salentin.de\/index.php?rest_route=\/wp\/v2\/pages\/2\/revisions\/3707"}],"wp:attachment":[{"href":"http:\/\/hp-salentin.de\/index.php?rest_route=%2Fwp%2Fv2%2Fmedia&parent=2"}],"curies":[{"name":"wp","href":"https:\/\/api.w.org\/{rel}","templated":true}]}}