{"id":987,"date":"2014-09-20T20:49:45","date_gmt":"2014-09-20T18:49:45","guid":{"rendered":"http:\/\/hp-salentin.de\/?page_id=987"},"modified":"2014-09-20T20:50:54","modified_gmt":"2014-09-20T18:50:54","slug":"impressum","status":"publish","type":"page","link":"http:\/\/hp-salentin.de\/?page_id=987","title":{"rendered":"Impressum"},"content":{"rendered":"<table  class=\" table table-hover\" border=\"0\" width=\"600\" cellspacing=\"0\" cellpadding=\"10\" align=\"center\">\n<tbody>\n<tr>\n<td valign=\"top\"><span style=\"font-family: Arial, sans-serif; font-size: large;\"><br \/>\n<\/span><span style=\"font-family: Arial, sans-serif; font-size: small;\">f\u00fcr www.hp-salentin.de und www.hp-salentin.com<\/span><\/td>\n<\/tr>\n<tr>\n<td valign=\"top\"><span style=\"font-family: Arial, sans-serif;\"><span style=\"font-size: medium;\"><span style=\"text-decoration: underline;\"><span style=\"font-size: small;\">Verantwortlicher f\u00fcr den Gesamtinhalt :<\/span><br \/>\n<\/span><\/span><span style=\"font-size: small;\"><br \/>\nProfessor Hans-Peter Salentin<br \/>\nHeisterbacher Stra\u00dfe 16<br \/>\n53902 Bad M\u00fcnstereifel<br \/>\nGermany<br \/>\nTel : 0172 \/ 6611543<\/p>\n<p><a href=\"mailto:hpsalentin@aol.com\">hpsalentin@aol.com<\/a><\/span><\/span><\/td>\n<\/tr>\n<tr>\n<td valign=\"top\"><span style=\"font-family: Arial, sans-serif;\"><span style=\"font-size: small;\"><br \/>\nHinweise zum Haftungsausschluss finden Sie <a href=\"http:\/\/www.disclaimer.de\/disclaimer.htm?farbe=cc0000\/ffffff\/000000\/000000%22\" target=\"haupt\">hier<\/a>.<\/span><\/span><\/td>\n<\/tr>\n<\/tbody>\n<\/table>\n","protected":false},"excerpt":{"rendered":"<p>f\u00fcr www.hp-salentin.de und www.hp-salentin.com Verantwortlicher f\u00fcr den Gesamtinhalt : Professor Hans-Peter Salentin Heisterbacher Stra\u00dfe 16 53902 Bad M\u00fcnstereifel Germany Tel : 0172 \/ 6611543 hpsalentin@aol.com Hinweise zum Haftungsausschluss finden Sie hier.<\/p>\n","protected":false},"author":1,"featured_media":0,"parent":0,"menu_order":0,"comment_status":"closed","ping_status":"closed","template":"","meta":{"footnotes":""},"class_list":["post-987","page","type-page","status-publish","hentry"],"_links":{"self":[{"href":"http:\/\/hp-salentin.de\/index.php?rest_route=\/wp\/v2\/pages\/987","targetHints":{"allow":["GET"]}}],"collection":[{"href":"http:\/\/hp-salentin.de\/index.php?rest_route=\/wp\/v2\/pages"}],"about":[{"href":"http:\/\/hp-salentin.de\/index.php?rest_route=\/wp\/v2\/types\/page"}],"author":[{"embeddable":true,"href":"http:\/\/hp-salentin.de\/index.php?rest_route=\/wp\/v2\/users\/1"}],"replies":[{"embeddable":true,"href":"http:\/\/hp-salentin.de\/index.php?rest_route=%2Fwp%2Fv2%2Fcomments&post=987"}],"version-history":[{"count":1,"href":"http:\/\/hp-salentin.de\/index.php?rest_route=\/wp\/v2\/pages\/987\/revisions"}],"predecessor-version":[{"id":988,"href":"http:\/\/hp-salentin.de\/index.php?rest_route=\/wp\/v2\/pages\/987\/revisions\/988"}],"wp:attachment":[{"href":"http:\/\/hp-salentin.de\/index.php?rest_route=%2Fwp%2Fv2%2Fmedia&parent=987"}],"curies":[{"name":"wp","href":"https:\/\/api.w.org\/{rel}","templated":true}]}}